{"id":2,"date":"2012-03-21T14:47:16","date_gmt":"2012-03-21T14:47:16","guid":{"rendered":"http:\/\/www.gite.annefraysse.com\/?page_id=2"},"modified":"2023-06-20T20:19:05","modified_gmt":"2023-06-20T20:19:05","slug":"page-d-exemple","status":"publish","type":"page","link":"https:\/\/www.dornieres.fr\/","title":{"rendered":"Bienvenue"},"content":{"rendered":"<p>Situ\u00e9 dans un village traditionnel savoyard , notre g\u00eete (ref:73G71214 ) de 80 m2, de plain pied, b\u00e9n\u00e9ficie d&rsquo;une situation de choix:<\/p>\n<p>&#8211; Champagny en Vanoise \u00e0 1250 m, \u00e0 5 Km du vallon de Champagny Le Haut , site class\u00e9, est une des portes du Parc National de la Vanoise.<br \/>\n&#8211; C\u2019est aussi le&nbsp; versant Sud du&nbsp; Domaine skiable La Plagne \/Paradiski.<br \/>\n&#8211; Champagny regroupe les commerces et les services dans un cadre architectural savoyard authentique. Une belle \u00e9glise baroque du XVIIe si\u00e8cle donne un cachet certain au village.<br \/>\n&#8211; Notre g\u00eete est situ\u00e9 dans un quartier calme bordant le coeur du village<br \/>\n&#8211; Piscine municipale couverte avec un espace bien \u00eatre (jacuzzi, hamam, sauna&#8230;).<\/p>\n<p>ngg_shortcode_0_placeholderOffice du tourisme de Champagny en Vanoise: <a href=\"http:\/\/www.champagny.com\" target=\"_blank\" rel=\"noopener noreferrer\">http:\/\/www.champagny.com<\/a><br \/>\n&nbsp;<\/p>\n<p>","protected":false},"excerpt":{"rendered":"<p>Situ\u00e9 dans un village traditionnel savoyard , notre g\u00eete (ref:73G71214 ) de 80 m2, de plain pied, b\u00e9n\u00e9ficie d&rsquo;une situation de choix: &#8211; Champagny en Vanoise \u00e0 1250 m, \u00e0 5 Km du vallon de Champagny Le Haut , site class\u00e9, est une des portes du Parc National de la Vanoise. &#8211; C\u2019est aussi le&nbsp; &hellip; <\/p>\n<p class=\"link-more\"><a href=\"https:\/\/www.dornieres.fr\/\" class=\"more-link\">Continuer la lecture<span class=\"screen-reader-text\"> de &laquo;&nbsp;Bienvenue&nbsp;&raquo;<\/span><\/a><\/p>\n","protected":false},"author":1,"featured_media":0,"parent":0,"menu_order":0,"comment_status":"closed","ping_status":"open","template":"","meta":{"ngg_post_thumbnail":0},"aioseo_notices":[],"_links":{"self":[{"href":"https:\/\/www.dornieres.fr\/index.php?rest_route=\/wp\/v2\/pages\/2"}],"collection":[{"href":"https:\/\/www.dornieres.fr\/index.php?rest_route=\/wp\/v2\/pages"}],"about":[{"href":"https:\/\/www.dornieres.fr\/index.php?rest_route=\/wp\/v2\/types\/page"}],"author":[{"embeddable":true,"href":"https:\/\/www.dornieres.fr\/index.php?rest_route=\/wp\/v2\/users\/1"}],"replies":[{"embeddable":true,"href":"https:\/\/www.dornieres.fr\/index.php?rest_route=%2Fwp%2Fv2%2Fcomments&post=2"}],"version-history":[{"count":133,"href":"https:\/\/www.dornieres.fr\/index.php?rest_route=\/wp\/v2\/pages\/2\/revisions"}],"predecessor-version":[{"id":2040,"href":"https:\/\/www.dornieres.fr\/index.php?rest_route=\/wp\/v2\/pages\/2\/revisions\/2040"}],"wp:attachment":[{"href":"https:\/\/www.dornieres.fr\/index.php?rest_route=%2Fwp%2Fv2%2Fmedia&parent=2"}],"curies":[{"name":"wp","href":"https:\/\/api.w.org\/{rel}","templated":true}]}}